{"id":10669,"date":"2025-11-29T14:03:31","date_gmt":"2025-11-29T19:03:31","guid":{"rendered":"https:\/\/www.ebramus.com\/?page_id=10669"},"modified":"2025-11-29T14:03:34","modified_gmt":"2025-11-29T19:03:34","slug":"register-business","status":"publish","type":"page","link":"https:\/\/www.ebramus.com\/fr\/register-business\/","title":{"rendered":"register-business"},"content":{"rendered":"<style>.entry-title, .woocommerce-breadcrumb, .breadcrumb, .breadcrumbs{display:none;}<\/style><div class=\"loga-card loga-register-business\"><h2>Business Application<\/h2><p>Complete the form below to apply for a business account.<\/p><form method=\"post\" enctype=\"multipart\/form-data\" action=\"https:\/\/www.ebramus.com\/wp-admin\/admin-post.php\" class=\"loga-form\"><input type=\"hidden\" id=\"_wpnonce\" name=\"_wpnonce\" value=\"ad4a0a97da\" \/><input type=\"hidden\" name=\"_wp_http_referer\" value=\"\/fr\/wp-json\/wp\/v2\/pages\/10669\" \/><input type=\"hidden\" name=\"action\" value=\"loga_register_business\" \/><h3>Account Information<\/h3><div class=\"loga-grid-two\"><label>Adresse e-mail <span class=\"loga-required\">*<\/span><input type=\"email\" name=\"account_email\" required \/><\/label><label>Mot de passe <span class=\"loga-required\">*<\/span><input type=\"password\" name=\"password\" required \/><\/label><\/div><div class=\"loga-grid-two\"><label>Confirmer le mot de passe <span class=\"loga-required\">*<\/span><input type=\"password\" name=\"confirm_password\" required \/><\/label><\/div><h3>Personal Contact Details<\/h3><div class=\"loga-grid-two\"><label>Pr\u00e9nom <span class=\"loga-required\">*<\/span><input type=\"text\" name=\"first_name\" required \/><\/label><label>Nom <span class=\"loga-required\">*<\/span><input type=\"text\" name=\"last_name\" required \/><\/label><\/div><div class=\"loga-grid-two\"><label>Num\u00e9ro de t\u00e9l\u00e9phone <span class=\"loga-optional\">(optional)<\/span><input type=\"text\" name=\"personal_phone\" \/><\/label><label>Language Preference <span class=\"loga-required\">*<\/span><select name=\"language_preference\" required><option value=\"\">Select<\/option><option value=\"english\">English<\/option><option value=\"french\">French<\/option><option value=\"other\">Other<\/option><\/select><\/label><\/div><h3>Business Information<\/h3><div class=\"loga-grid-two\"><label>Company Name <span class=\"loga-required\">*<\/span><input type=\"text\" name=\"company_name\" required \/><\/label><label>Business Type <span class=\"loga-required\">*<\/span><select name=\"business_type\" required><option value=\"\">Select<\/option><option value=\"auto_shop\">Auto Shop<\/option><option value=\"dealer\">Dealer<\/option><option value=\"parts_store\">Parts Store<\/option><option value=\"garage\">Garage<\/option><option value=\"fleet\">Fleet<\/option><option value=\"other\">Other<\/option><\/select><\/label><\/div><div class=\"loga-grid-two\"><label>Tax ID \/ Business Number<input type=\"text\" name=\"tax_id\" \/><\/label><label>Website<input type=\"url\" name=\"website\" \/><\/label><\/div><div class=\"loga-grid-two\"><label>Company Email <span class=\"loga-required\">*<\/span><input type=\"email\" name=\"company_email\" required \/><\/label><label>Company Phone <span class=\"loga-required\">*<\/span><input type=\"text\" name=\"company_phone\" required \/><\/label><\/div><h3>Business Address<\/h3><div class=\"loga-grid-two\"><label>Street Address <span class=\"loga-required\">*<\/span><input type=\"text\" name=\"street\" required \/><\/label><label>Unit \/ Suite<input type=\"text\" name=\"unit\" \/><\/label><\/div><div class=\"loga-grid-two\"><label>City <span class=\"loga-required\">*<\/span><input type=\"text\" name=\"city\" required \/><\/label><label>Province \/ State <span class=\"loga-required\">*<\/span><select name=\"province\" required><option value=\"\">Select<\/option><option value=\"QC\" data-no-translation=\"\" data-trp-gettext=\"\">Qu\u00e9bec<\/option><\/select><\/label><\/div><div class=\"loga-grid-two\"><label>Pays <span class=\"loga-required\">*<\/span><input type=\"text\" name=\"country\" value=\"Canada\" readonly=\"readonly\" required \/><\/label><label>Postal \/ ZIP Code <span class=\"loga-required\">*<\/span><input type=\"text\" name=\"postal_code\" required \/><\/label><\/div><h3>Operating Details<\/h3><div class=\"loga-grid-two\"><label>Business Hours From <span class=\"loga-required\">*<\/span><input type=\"time\" name=\"business_hours_from\" required \/><\/label><label>Business Hours To <span class=\"loga-required\">*<\/span><input type=\"time\" name=\"business_hours_to\" required \/><\/label><\/div><div class=\"loga-grid-two\"><label>Position of Applicant <span class=\"loga-required\">*<\/span><select name=\"position\" required><option value=\"\">Select<\/option><option value=\"owner\">Owner<\/option><option value=\"manager\">Manager<\/option><option value=\"procurement\">Procurement<\/option><option value=\"mechanic\">Mechanic<\/option><option value=\"other\">Other<\/option><\/select><\/label><\/div><h3>Documents Upload<\/h3><label>Upload Business Document (PDF or image) <input type=\"file\" name=\"supporting_document\" accept=\"application\/pdf,image\/jpeg,image\/png,image\/jpg,image\/webp\" \/><\/label><div class=\"loga-actions\"><button type=\"submit\">Submit Application<\/button><\/div><\/form><\/div>","protected":false},"excerpt":{"rendered":"","protected":false},"author":1,"featured_media":0,"parent":0,"menu_order":0,"comment_status":"closed","ping_status":"closed","template":"","meta":{"inline_featured_image":false,"footnotes":""},"class_list":["post-10669","page","type-page","status-publish","hentry"],"jetpack_shortlink":"https:\/\/wp.me\/PdUUpV-2M5","jetpack_sharing_enabled":true,"_links":{"self":[{"href":"https:\/\/www.ebramus.com\/fr\/wp-json\/wp\/v2\/pages\/10669","targetHints":{"allow":["GET"]}}],"collection":[{"href":"https:\/\/www.ebramus.com\/fr\/wp-json\/wp\/v2\/pages"}],"about":[{"href":"https:\/\/www.ebramus.com\/fr\/wp-json\/wp\/v2\/types\/page"}],"author":[{"embeddable":true,"href":"https:\/\/www.ebramus.com\/fr\/wp-json\/wp\/v2\/users\/1"}],"replies":[{"embeddable":true,"href":"https:\/\/www.ebramus.com\/fr\/wp-json\/wp\/v2\/comments?post=10669"}],"version-history":[{"count":2,"href":"https:\/\/www.ebramus.com\/fr\/wp-json\/wp\/v2\/pages\/10669\/revisions"}],"predecessor-version":[{"id":12472,"href":"https:\/\/www.ebramus.com\/fr\/wp-json\/wp\/v2\/pages\/10669\/revisions\/12472"}],"wp:attachment":[{"href":"https:\/\/www.ebramus.com\/fr\/wp-json\/wp\/v2\/media?parent=10669"}],"curies":[{"name":"wp","href":"https:\/\/api.w.org\/{rel}","templated":true}]}}