{"id":1242,"date":"2022-07-16T09:40:52","date_gmt":"2022-07-16T09:40:52","guid":{"rendered":"https:\/\/ebramus.com\/?page_id=1242"},"modified":"2025-12-27T16:24:24","modified_gmt":"2025-12-27T21:24:24","slug":"our-services","status":"publish","type":"page","link":"https:\/\/www.ebramus.com\/fr\/our-services\/","title":{"rendered":"Nos services"},"content":{"rendered":"<div data-elementor-type=\"wp-page\" data-elementor-id=\"1242\" class=\"elementor elementor-1242\">\n\t\t\t\t\t\t<section class=\"elementor-section elementor-top-section elementor-element elementor-element-ce5c0ad elementor-section-full_width elementor-section-height-default elementor-section-height-default\" data-id=\"ce5c0ad\" data-element_type=\"section\" data-e-type=\"section\">\n\t\t\t\t\t\t<div class=\"elementor-container elementor-column-gap-default\">\n\t\t\t\t\t<div class=\"elementor-column elementor-col-100 elementor-top-column elementor-element elementor-element-4e444a8\" data-id=\"4e444a8\" data-element_type=\"column\" data-e-type=\"column\">\n\t\t\t<div class=\"elementor-widget-wrap elementor-element-populated\">\n\t\t\t\t\t\t<div class=\"elementor-element elementor-element-df6d2d8 elementor-widget elementor-widget-wp-widget-redparts_sputnik_block_about_us\" data-id=\"df6d2d8\" data-element_type=\"widget\" data-e-type=\"widget\" data-widget_type=\"wp-widget-redparts_sputnik_block_about_us.default\">\n\t\t\t\t<div class=\"elementor-widget-container\">\n\t\t\t\t\t\t\t\t<div class=\"th-block-about\">\n\t\t\t\t<div class=\"th-block-about__body\">\n\t\t\t\t\t\t\t\t\t\t\t<div class=\"th-block-about__image\">\n\t\t\t\t\t\t\t<div\n\t\t\t\t\t\t\t\tclass=\"th-block-about__image-bg\"\n\t\t\t\t\t\t\t\tstyle=\"background-image: url('https:\/\/www.ebramus.com\/wp-content\/uploads\/2022\/07\/pexels-ksenia-kartasheva-7035860-scaled.jpg');\"\n\t\t\t\t\t\t\t><\/div>\n\n\t\t\t\t\t\t\t<div class=\"th-decor th-decor--type--bottom th-block-about__image-decor\">\n\t\t\t\t\t\t\t\t<div class=\"th-decor__body\">\n\t\t\t\t\t\t\t\t\t<div class=\"th-decor__start\"><\/div>\n\t\t\t\t\t\t\t\t\t<div class=\"th-decor__end\"><\/div>\n\t\t\t\t\t\t\t\t\t<div class=\"th-decor__center\"><\/div>\n\t\t\t\t\t\t\t\t<\/div>\n\t\t\t\t\t\t\t<\/div>\n\t\t\t\t\t\t<\/div>\n\t\t\t\t\t\n\t\t\t\t\t<div class=\"th-block-about__card\">\n\t\t\t\t\t\t\t\t\t\t\t\t\t<div class=\"th-block-about__card-title\">\n\t\t\t\t\t\t\t\tNous Contacter\t\t\t\t\t\t\t<\/div>\n\t\t\t\t\t\t\t\t\t\t\t\t\t\t\t\t\t\t\t<div class=\"th-block-about__card-text\">\n\t\t\t\t\t\t\t\tEbramus Pi\u00e8ces d'auto est une entreprise avec plusieurs ann\u00e9es d'histoire dans la vente de pi\u00e8ces d\u00e9tach\u00e9es pour voitures. Au cours de notre travail, nous avons r\u00e9ussi \u00e0 cr\u00e9er un service unique de vente et de livraison de pi\u00e8ces d\u00e9tach\u00e9es partout au Canada.<br> Vous avez des questions ? Notre centre d'appel est l\u00e0 pour vous aider du lundi au vendredi, de 9 h \u00e0 17 h, et le samedi, de 9 h \u00e0 16 h.\t\t\t\t\t\t\t<\/div>\n\t\t\t\t\t\t\t\t\t\t\t\t\t\t\t\t\t\t\t<div class=\"th-block-about__card-author\">\n\t\t\t\t\t\t\t\tEbramus Pi\u00e8ces D'Auto Inc.\t\t\t\t\t\t\t<\/div>\n\t\t\t\t\t\t\t\t\t\t\t\t\t\t\t\t\t<\/div>\n\n\t\t\t\t\t\t\t\t\t\t\t<div class=\"th-block-about__indicators\">\n\t\t\t\t\t\t\t<div class=\"th-block-about__indicators-body\">\n\t\t\t\t\t\t\t\t\t\t\t\t\t\t\t\t\t<div class=\"th-block-about__indicators-item\">\n\t\t\t\t\t\t\t\t\t\t<div class=\"th-block-about__indicators-item-value\">\n\t\t\t\t\t\t\t\t\t\t\t\t\t\t\t\t\t\t\t\t\t<\/div>\n\t\t\t\t\t\t\t\t\t\t<div class=\"th-block-about__indicators-item-title\">\n\t\t\t\t\t\t\t\t\t\t\t\t\t\t\t\t\t\t\t\t\t<\/div>\n\t\t\t\t\t\t\t\t\t<\/div>\n\t\t\t\t\t\t\t\t\t\t\t\t\t\t\t<\/div>\n\t\t\t\t\t\t<\/div>\n\t\t\t\t\t\t\t\t\t<\/div>\n\t\t\t<\/div>\n\t\t\t\t\t\t\t<\/div>\n\t\t\t\t<\/div>\n\t\t\t\t<div class=\"elementor-element elementor-element-fedaee4 elementor-widget elementor-widget-wp-widget-redparts_sputnik_block_space\" data-id=\"fedaee4\" data-element_type=\"widget\" data-e-type=\"widget\" data-widget_type=\"wp-widget-redparts_sputnik_block_space.default\">\n\t\t\t\t<div class=\"elementor-widget-container\">\n\t\t\t\t\t\t\t\t<div class=\"th-block-space th-block-space--layout--divider-xl\"><\/div>\n\t\t\t\t\t\t\t<\/div>\n\t\t\t\t<\/div>\n\t\t\t\t<div class=\"elementor-element elementor-element-f13d960 elementor-widget elementor-widget-wp-widget-redparts_sputnik_block_about_us\" data-id=\"f13d960\" data-element_type=\"widget\" data-e-type=\"widget\" data-widget_type=\"wp-widget-redparts_sputnik_block_about_us.default\">\n\t\t\t\t<div class=\"elementor-widget-container\">\n\t\t\t\t\t\t\t\t<div class=\"th-block-about\">\n\t\t\t\t<div class=\"th-block-about__body\">\n\t\t\t\t\t\t\t\t\t\t\t<div class=\"th-block-about__image\">\n\t\t\t\t\t\t\t<div\n\t\t\t\t\t\t\t\tclass=\"th-block-about__image-bg\"\n\t\t\t\t\t\t\t\tstyle=\"background-image: url('https:\/\/www.ebramus.com\/wp-content\/uploads\/2022\/07\/pexels-artem-podrez-5025669-1-scaled.jpg');\"\n\t\t\t\t\t\t\t><\/div>\n\n\t\t\t\t\t\t\t<div class=\"th-decor th-decor--type--bottom th-block-about__image-decor\">\n\t\t\t\t\t\t\t\t<div class=\"th-decor__body\">\n\t\t\t\t\t\t\t\t\t<div class=\"th-decor__start\"><\/div>\n\t\t\t\t\t\t\t\t\t<div class=\"th-decor__end\"><\/div>\n\t\t\t\t\t\t\t\t\t<div class=\"th-decor__center\"><\/div>\n\t\t\t\t\t\t\t\t<\/div>\n\t\t\t\t\t\t\t<\/div>\n\t\t\t\t\t\t<\/div>\n\t\t\t\t\t\n\t\t\t\t\t<div class=\"th-block-about__card\">\n\t\t\t\t\t\t\t\t\t\t\t\t\t<div class=\"th-block-about__card-title\">\n\t\t\t\t\t\t\t\tRamassage Rapide\t\t\t\t\t\t\t<\/div>\n\t\t\t\t\t\t\t\t\t\t\t\t\t\t\t\t\t\t\t<div class=\"th-block-about__card-text\">\n\t\t\t\t\t\t\t\tLe ramassage en magasin rapide et facile est la fa\u00e7on la plus rapide de r\u00e9cup\u00e9rer vos achats. Avec les options de ramassage en magasin, les r\u00e9cup\u00e9rations sont s\u00fbres et pratiques. Passez votre commande en ligne pour un retrait dans un magasin pr\u00e8s de chez vous, et nous pr\u00e9parerons votre commande en aussi peu que 4 heures. <br> For more Information \u2014  <a href=\"https:\/\/www.ebramus.com\/fr\/refund_returns-2\/\" rel=\"nofollow noopener\" target=\"_blank\">Click here<\/a>\t\t\t\t\t\t\t<\/div>\n\t\t\t\t\t\t\t\t\t\t\t\t\t\t\t\t\t\t\t<div class=\"th-block-about__card-author\">\n\t\t\t\t\t\t\t\t Ebramus Pi\u00e8ces D'Auto Inc.\t\t\t\t\t\t\t<\/div>\n\t\t\t\t\t\t\t\t\t\t\t\t\t\t\t\t\t<\/div>\n\n\t\t\t\t\t\t\t\t\t\t\t<div class=\"th-block-about__indicators\">\n\t\t\t\t\t\t\t<div class=\"th-block-about__indicators-body\">\n\t\t\t\t\t\t\t\t\t\t\t\t\t\t\t\t\t<div class=\"th-block-about__indicators-item\">\n\t\t\t\t\t\t\t\t\t\t<div class=\"th-block-about__indicators-item-value\">\n\t\t\t\t\t\t\t\t\t\t\t\t\t\t\t\t\t\t\t\t\t<\/div>\n\t\t\t\t\t\t\t\t\t\t<div class=\"th-block-about__indicators-item-title\">\n\t\t\t\t\t\t\t\t\t\t\t\t\t\t\t\t\t\t\t\t\t<\/div>\n\t\t\t\t\t\t\t\t\t<\/div>\n\t\t\t\t\t\t\t\t\t\t\t\t\t\t\t<\/div>\n\t\t\t\t\t\t<\/div>\n\t\t\t\t\t\t\t\t\t<\/div>\n\t\t\t<\/div>\n\t\t\t\t\t\t\t<\/div>\n\t\t\t\t<\/div>\n\t\t\t\t<div class=\"elementor-element elementor-element-3f1a3ee elementor-widget elementor-widget-spacer\" data-id=\"3f1a3ee\" data-element_type=\"widget\" data-e-type=\"widget\" data-widget_type=\"spacer.default\">\n\t\t\t\t<div class=\"elementor-widget-container\">\n\t\t\t\t\t\t\t<div class=\"elementor-spacer\">\n\t\t\t<div class=\"elementor-spacer-inner\"><\/div>\n\t\t<\/div>\n\t\t\t\t\t\t<\/div>\n\t\t\t\t<\/div>\n\t\t\t\t<div class=\"elementor-element elementor-element-7debe0b elementor-widget elementor-widget-wp-widget-redparts_sputnik_block_about_us\" data-id=\"7debe0b\" data-element_type=\"widget\" data-e-type=\"widget\" data-widget_type=\"wp-widget-redparts_sputnik_block_about_us.default\">\n\t\t\t\t<div class=\"elementor-widget-container\">\n\t\t\t\t\t\t\t\t<div class=\"th-block-about\">\n\t\t\t\t<div class=\"th-block-about__body\">\n\t\t\t\t\t\t\t\t\t\t\t<div class=\"th-block-about__image\">\n\t\t\t\t\t\t\t<div\n\t\t\t\t\t\t\t\tclass=\"th-block-about__image-bg\"\n\t\t\t\t\t\t\t\tstyle=\"background-image: url('https:\/\/www.ebramus.com\/wp-content\/uploads\/2022\/07\/pexels-norma-mortenson-4391478-scaled.jpg');\"\n\t\t\t\t\t\t\t><\/div>\n\n\t\t\t\t\t\t\t<div class=\"th-decor th-decor--type--bottom th-block-about__image-decor\">\n\t\t\t\t\t\t\t\t<div class=\"th-decor__body\">\n\t\t\t\t\t\t\t\t\t<div class=\"th-decor__start\"><\/div>\n\t\t\t\t\t\t\t\t\t<div class=\"th-decor__end\"><\/div>\n\t\t\t\t\t\t\t\t\t<div class=\"th-decor__center\"><\/div>\n\t\t\t\t\t\t\t\t<\/div>\n\t\t\t\t\t\t\t<\/div>\n\t\t\t\t\t\t<\/div>\n\t\t\t\t\t\n\t\t\t\t\t<div class=\"th-block-about__card\">\n\t\t\t\t\t\t\t\t\t\t\t\t\t<div class=\"th-block-about__card-title\">\n\t\t\t\t\t\t\t\tRetour \t\t\t\t\t\t\t<\/div>\n\t\t\t\t\t\t\t\t\t\t\t\t\t\t\t\t\t\t\t<div class=\"th-block-about__card-text\">\n\t\t\t\t\t\t\t\tVous avez choisi un mod\u00e8le ou produit diff\u00e9rent ? Vous souhaitez retourner un produit qui ne vous satisfait pas ? Vous ressentez un regret d'achat ? Pas de souci. Quelle que soit la raison, nous nous effor\u00e7ons de rendre les retours et \u00e9changes simples, pratiques et s\u00fbrs. Apprenez comment effectuer des retours et des \u00e9changes ci-dessous.\n \u2014  <a href=\"https:\/\/www.ebramus.com\/fr\/refund_returns-2\/\" rel=\"nofollow noopener\" target=\"_blank\">Cliquez ici<\/a>\t\t\t\t\t\t\t<\/div>\n\t\t\t\t\t\t\t\t\t\t\t\t\t\t\t\t\t\t\t<div class=\"th-block-about__card-author\">\n\t\t\t\t\t\t\t\t Ebramus Pi\u00e8ces D'Auto Inc.\t\t\t\t\t\t\t<\/div>\n\t\t\t\t\t\t\t\t\t\t\t\t\t\t\t\t\t<\/div>\n\n\t\t\t\t\t\t\t\t\t\t\t<div class=\"th-block-about__indicators\">\n\t\t\t\t\t\t\t<div class=\"th-block-about__indicators-body\">\n\t\t\t\t\t\t\t\t\t\t\t\t\t\t\t\t\t<div class=\"th-block-about__indicators-item\">\n\t\t\t\t\t\t\t\t\t\t<div class=\"th-block-about__indicators-item-value\">\n\t\t\t\t\t\t\t\t\t\t\t\t\t\t\t\t\t\t\t\t\t<\/div>\n\t\t\t\t\t\t\t\t\t\t<div class=\"th-block-about__indicators-item-title\">\n\t\t\t\t\t\t\t\t\t\t\t\t\t\t\t\t\t\t\t\t\t<\/div>\n\t\t\t\t\t\t\t\t\t<\/div>\n\t\t\t\t\t\t\t\t\t\t\t\t\t\t\t<\/div>\n\t\t\t\t\t\t<\/div>\n\t\t\t\t\t\t\t\t\t<\/div>\n\t\t\t<\/div>\n\t\t\t\t\t\t\t<\/div>\n\t\t\t\t<\/div>\n\t\t\t\t\t<\/div>\n\t\t<\/div>\n\t\t\t\t\t<\/div>\n\t\t<\/section>\n\t\t\t\t<\/div>","protected":false},"excerpt":{"rendered":"","protected":false},"author":1,"featured_media":0,"parent":0,"menu_order":0,"comment_status":"closed","ping_status":"closed","template":"","meta":{"inline_featured_image":false,"footnotes":""},"class_list":["post-1242","page","type-page","status-publish","hentry"],"jetpack_shortlink":"https:\/\/wp.me\/PdUUpV-k2","jetpack_sharing_enabled":true,"_links":{"self":[{"href":"https:\/\/www.ebramus.com\/fr\/wp-json\/wp\/v2\/pages\/1242","targetHints":{"allow":["GET"]}}],"collection":[{"href":"https:\/\/www.ebramus.com\/fr\/wp-json\/wp\/v2\/pages"}],"about":[{"href":"https:\/\/www.ebramus.com\/fr\/wp-json\/wp\/v2\/types\/page"}],"author":[{"embeddable":true,"href":"https:\/\/www.ebramus.com\/fr\/wp-json\/wp\/v2\/users\/1"}],"replies":[{"embeddable":true,"href":"https:\/\/www.ebramus.com\/fr\/wp-json\/wp\/v2\/comments?post=1242"}],"version-history":[{"count":43,"href":"https:\/\/www.ebramus.com\/fr\/wp-json\/wp\/v2\/pages\/1242\/revisions"}],"predecessor-version":[{"id":12536,"href":"https:\/\/www.ebramus.com\/fr\/wp-json\/wp\/v2\/pages\/1242\/revisions\/12536"}],"wp:attachment":[{"href":"https:\/\/www.ebramus.com\/fr\/wp-json\/wp\/v2\/media?parent=1242"}],"curies":[{"name":"wp","href":"https:\/\/api.w.org\/{rel}","templated":true}]}}