{"id":4297,"date":"2023-05-31T15:12:50","date_gmt":"2023-05-31T15:12:50","guid":{"rendered":"https:\/\/www.ebramus.com\/?page_id=4297"},"modified":"2025-05-19T15:57:39","modified_gmt":"2025-05-19T19:57:39","slug":"prices","status":"publish","type":"page","link":"https:\/\/www.ebramus.com\/fr\/prices\/","title":{"rendered":"Prix"},"content":{"rendered":"<div data-elementor-type=\"wp-page\" data-elementor-id=\"4297\" class=\"elementor elementor-4297\">\n\t\t\t\t\t\t<section class=\"elementor-section elementor-top-section elementor-element elementor-element-94d8dfb elementor-section-boxed elementor-section-height-default elementor-section-height-default\" data-id=\"94d8dfb\" data-element_type=\"section\" data-e-type=\"section\">\n\t\t\t\t\t\t<div class=\"elementor-container elementor-column-gap-default\">\n\t\t\t\t\t<div class=\"elementor-column elementor-col-100 elementor-top-column elementor-element elementor-element-094eb81\" data-id=\"094eb81\" data-element_type=\"column\" data-e-type=\"column\">\n\t\t\t<div class=\"elementor-widget-wrap elementor-element-populated\">\n\t\t\t\t\t\t<div class=\"elementor-element elementor-element-b606684 elementor-widget elementor-widget-text-editor\" data-id=\"b606684\" data-element_type=\"widget\" data-e-type=\"widget\" data-widget_type=\"text-editor.default\">\n\t\t\t\t<div class=\"elementor-widget-container\">\n\t\t\t\t\t\t\t\t\t<h1><strong>Cher client pr\u00e9cieux<\/strong><\/h1>\n<p>Merci de visiter notre site web. Nous nous excusons pour toute confusion concernant nos services. Veuillez noter que notre site est sp\u00e9cifiquement con\u00e7u pour les grossistes, et nous r\u00e9pondons aux besoins des garages et des magasins. Si vous \u00eates un particulier cherchant \u00e0 acheter des produits, nous vous prions de bien vouloir nous contacter directement aux num\u00e9ros de t\u00e9l\u00e9phone suivants :<\/p>\n<ul>\n<li>Pour toute demande de renseignements ou commande, veuillez nous contacter au +1 (514) 463-84-12.<\/li>\n<\/ul>\n<p>Pour mieux servir nos clients, nous travaillons actuellement sur le d\u00e9veloppement de deux sites web distincts : l'un exclusivement d\u00e9di\u00e9 aux grossistes et l'autre aux acheteurs individuels. Cela garantira une exp\u00e9rience plus fluide pour l'ensemble de nos clients pr\u00e9cieux.<\/p>\n<p>Veuillez noter que si un client individuel ach\u00e8te des produits via notre site web actuel, la commande sera automatiquement annul\u00e9e. Nous nous excusons pour tout d\u00e9sagr\u00e9ment que cela pourrait causer et encourageons les clients individuels \u00e0 nous contacter directement pour leurs besoins sp\u00e9cifiques.<\/p>\n<p>Nous appr\u00e9cions votre compr\u00e9hension et votre patience pendant cette p\u00e9riode de transition. Si vous avez d'autres questions ou si vous avez besoin d'assistance, n'h\u00e9sitez pas \u00e0 nous contacter aux num\u00e9ros de t\u00e9l\u00e9phone fournis. Notre \u00e9quipe est l\u00e0 pour vous aider.<\/p>\n<p>Merci pour votre soutien, et nous sommes impatients de vous servir encore mieux \u00e0 l'avenir.<\/p>\t\t\t\t\t\t\t\t<\/div>\n\t\t\t\t<\/div>\n\t\t\t\t\t<\/div>\n\t\t<\/div>\n\t\t\t\t\t<\/div>\n\t\t<\/section>\n\t\t\t\t<\/div>","protected":false},"excerpt":{"rendered":"<p>Dear valued customer Thank you for visiting our website. We apologize for any confusion caused regarding our services. Please note that our website is specifically designed for wholesalers, and we cater to the needs of garages and stores. If you are an individual looking to purchase products, we kindly request that you contact us directly [&hellip;]<\/p>\n","protected":false},"author":1,"featured_media":0,"parent":0,"menu_order":0,"comment_status":"closed","ping_status":"closed","template":"","meta":{"inline_featured_image":false,"footnotes":""},"class_list":["post-4297","page","type-page","status-publish","hentry"],"jetpack_shortlink":"https:\/\/wp.me\/PdUUpV-17j","jetpack_sharing_enabled":true,"_links":{"self":[{"href":"https:\/\/www.ebramus.com\/fr\/wp-json\/wp\/v2\/pages\/4297","targetHints":{"allow":["GET"]}}],"collection":[{"href":"https:\/\/www.ebramus.com\/fr\/wp-json\/wp\/v2\/pages"}],"about":[{"href":"https:\/\/www.ebramus.com\/fr\/wp-json\/wp\/v2\/types\/page"}],"author":[{"embeddable":true,"href":"https:\/\/www.ebramus.com\/fr\/wp-json\/wp\/v2\/users\/1"}],"replies":[{"embeddable":true,"href":"https:\/\/www.ebramus.com\/fr\/wp-json\/wp\/v2\/comments?post=4297"}],"version-history":[{"count":19,"href":"https:\/\/www.ebramus.com\/fr\/wp-json\/wp\/v2\/pages\/4297\/revisions"}],"predecessor-version":[{"id":9154,"href":"https:\/\/www.ebramus.com\/fr\/wp-json\/wp\/v2\/pages\/4297\/revisions\/9154"}],"wp:attachment":[{"href":"https:\/\/www.ebramus.com\/fr\/wp-json\/wp\/v2\/media?parent=4297"}],"curies":[{"name":"wp","href":"https:\/\/api.w.org\/{rel}","templated":true}]}}