{"id":5937,"date":"2024-02-21T03:49:23","date_gmt":"2024-02-21T03:49:23","guid":{"rendered":"https:\/\/www.ebramus.com\/?page_id=5937"},"modified":"2024-02-22T02:09:09","modified_gmt":"2024-02-22T02:09:09","slug":"terms-and-conditions-2","status":"publish","type":"page","link":"https:\/\/www.ebramus.com\/fr\/terms-and-conditions-2\/","title":{"rendered":"Termes et conditions"},"content":{"rendered":"<div data-elementor-type=\"wp-page\" data-elementor-id=\"5937\" class=\"elementor elementor-5937\">\n\t\t\t\t\t\t<section class=\"elementor-section elementor-top-section elementor-element elementor-element-5dcc94d elementor-section-boxed elementor-section-height-default elementor-section-height-default\" data-id=\"5dcc94d\" data-element_type=\"section\" data-e-type=\"section\">\n\t\t\t\t\t\t<div class=\"elementor-container elementor-column-gap-default\">\n\t\t\t\t\t<div class=\"elementor-column elementor-col-100 elementor-top-column elementor-element elementor-element-1e59c10\" data-id=\"1e59c10\" data-element_type=\"column\" data-e-type=\"column\">\n\t\t\t<div class=\"elementor-widget-wrap elementor-element-populated\">\n\t\t\t\t\t\t<div class=\"elementor-element elementor-element-71c4d8a elementor-widget elementor-widget-text-editor\" data-id=\"71c4d8a\" data-element_type=\"widget\" data-e-type=\"widget\" data-widget_type=\"text-editor.default\">\n\t\t\t\t<div class=\"elementor-widget-container\">\n\t\t\t\t\t\t\t\t\t<h6>Merci de consid\u00e9rer Ebramus Auto Parts Inc. pour vos besoins en pi\u00e8ces de carrosserie automobile. Veuillez lire attentivement les termes et conditions suivants avant de passer une commande sur notre site Web :<\/h6>\n<ol>\n<li><strong>Description du Produit<\/strong><strong><br><\/strong>Ebramus Auto Parts Inc. s'efforce de fournir des descriptions et des images de produits pr\u00e9cises. Cependant, nous ne pouvons garantir que les descriptions de produits, les couleurs ou les images sur notre site Web sont enti\u00e8rement exactes, \u00e0 jour ou exemptes d'erreurs.<\/li>\n<li><strong>Tarification<\/strong><br>Tous les prix indiqu\u00e9s sur notre site Web sont en dollars canadiens et n'incluent pas les taxes ni les frais d'exp\u00e9dition. Les prix sont sujets \u00e0 changement sans pr\u00e9avis.<\/li>\n<li><b>Paiement<\/b><br>Ebramus Auto Parts Inc. accepte les paiements par cartes de cr\u00e9dit majeures et cartes de d\u00e9bit. Toutes les commandes doivent \u00eatre pay\u00e9es int\u00e9gralement au moment de l'achat.&nbsp;<\/li>\n<li><b>Livraison<\/b><br>\"Ebramus Auto Parts Inc. propose des services de livraison dans tout le Canada et les \u00c9tats-Unis. Les frais de livraison seront calcul\u00e9s en fonction de l'emplacement du client et du poids de la commande. Les frais de livraison ne sont pas remboursables.\"<\/li>\n<li><strong>Retours et \u00c9changes<\/strong><br>Si vous n'\u00eates pas satisfait de votre achat, vous pouvez retourner l'article(s) dans les 14 jours suivant la livraison, \u00e0 condition que l'article(s) n'ait pas \u00e9t\u00e9 utilis\u00e9 et soit dans son emballage d'origine. Le client est responsable des frais de retour. Ebramus Auto Parts Inc. n'est pas responsable des dommages ou pertes survenus lors du retour de l'envoi. Si l'article(s) est utilis\u00e9 ou endommag\u00e9, nous nous r\u00e9servons le droit de refuser le retour.<\/li>\n<li><strong>Garantie<\/strong><br>Ebramus Auto Parts Inc. offre une garantie sur tous nos produits contre les d\u00e9fauts de mat\u00e9riaux et de fabrication. La p\u00e9riode de garantie est de 14 jours \u00e0 compter de la date d'achat. La garantie ne couvre pas les dommages dus \u00e0 une installation incorrecte, une utilisation abusive ou des accidents.<\/li>\n<li><strong>Limitation de Responsabilit\u00e9<br><\/strong>Ebramus Auto Parts Inc. n'est pas responsable des dommages directs, indirects, accessoires ou cons\u00e9cutifs pouvant d\u00e9couler de l'utilisation ou de l'incapacit\u00e9 d'utiliser nos produits ou services. Notre responsabilit\u00e9 est limit\u00e9e au prix d'achat du produit ou du service.<\/li>\n<li><strong>Loi Applicable<\/strong><br>Ces termes et conditions seront r\u00e9gis et interpr\u00e9t\u00e9s conform\u00e9ment aux lois de la province de Qu\u00e9bec, Canada.<\/li>\n<\/ol>\n<p>En passant une commande sur notre site Web, vous acceptez d'\u00eatre li\u00e9 par ces termes et conditions. Si vous avez des questions ou des pr\u00e9occupations, veuillez nous contacter \u00e0 l'adresse info@ebramus.com.<\/p><p>Date: 21 janvier 2024<\/p>\t\t\t\t\t\t\t\t<\/div>\n\t\t\t\t<\/div>\n\t\t\t\t\t<\/div>\n\t\t<\/div>\n\t\t\t\t\t<\/div>\n\t\t<\/section>\n\t\t\t\t<\/div>","protected":false},"excerpt":{"rendered":"<p>Thank you for considering Ebramus Auto Parts Inc. for your auto body parts needs. Please read the following terms and conditions carefully before placing an order on our website: Product DescriptionEbramus Auto Parts Inc. strives to provide accurate product descriptions and images. However, we cannot guarantee that the product descriptions, colors, or images on our [&hellip;]<\/p>\n","protected":false},"author":1,"featured_media":0,"parent":0,"menu_order":0,"comment_status":"closed","ping_status":"closed","template":"","meta":{"inline_featured_image":false,"footnotes":""},"class_list":["post-5937","page","type-page","status-publish","hentry"],"jetpack_shortlink":"https:\/\/wp.me\/PdUUpV-1xL","jetpack_sharing_enabled":true,"_links":{"self":[{"href":"https:\/\/www.ebramus.com\/fr\/wp-json\/wp\/v2\/pages\/5937","targetHints":{"allow":["GET"]}}],"collection":[{"href":"https:\/\/www.ebramus.com\/fr\/wp-json\/wp\/v2\/pages"}],"about":[{"href":"https:\/\/www.ebramus.com\/fr\/wp-json\/wp\/v2\/types\/page"}],"author":[{"embeddable":true,"href":"https:\/\/www.ebramus.com\/fr\/wp-json\/wp\/v2\/users\/1"}],"replies":[{"embeddable":true,"href":"https:\/\/www.ebramus.com\/fr\/wp-json\/wp\/v2\/comments?post=5937"}],"version-history":[{"count":7,"href":"https:\/\/www.ebramus.com\/fr\/wp-json\/wp\/v2\/pages\/5937\/revisions"}],"predecessor-version":[{"id":5980,"href":"https:\/\/www.ebramus.com\/fr\/wp-json\/wp\/v2\/pages\/5937\/revisions\/5980"}],"wp:attachment":[{"href":"https:\/\/www.ebramus.com\/fr\/wp-json\/wp\/v2\/media?parent=5937"}],"curies":[{"name":"wp","href":"https:\/\/api.w.org\/{rel}","templated":true}]}}